{"id":528,"date":"2023-01-04T00:57:40","date_gmt":"2023-01-03T21:57:40","guid":{"rendered":"https:\/\/karatebonsai.com.br\/1\/?page_id=528"},"modified":"2023-01-04T00:57:41","modified_gmt":"2023-01-03T21:57:41","slug":"privacidade-e-dados","status":"publish","type":"page","link":"https:\/\/karatebonsai.com.br\/1\/privacidade-e-dados\/","title":{"rendered":"Privacidade e Dados"},"content":{"rendered":"\n<p>A Karate Bonsai utiliza a tecnologia da plataforma wordpress e plugins terceiros para que o seu website funcione de forma eficiente e segura. Durante a sua visita ao site \u00e9 poss\u00edvel que alguns &#8220;Cookies&#8221; sejam armazenados e alguns dados como seu n\u00famero de IP seja armazenados temporariamente. Isso depende tamb\u00e9m de suas configura\u00e7\u00f5es de privacidade em seu web browser.<\/p>\n\n\n\n<p>Os dados preenchidos no aplicativo de mensagens instant\u00e2neas bem como nos formul\u00e1rios de contato que nos s\u00e3o enviados nos informam somente os dados que voc\u00ea preencheu. N\u00e3o pedimos em nenhum momento para enviar dados sens\u00edveis tais como n\u00fameros de documentos, contas banc\u00e1rias, endere\u00e7os completos. Nos preocupamos com sua seguran\u00e7a e a seguran\u00e7a de seus dados e por isso n\u00e3o nos envie tais dados a n\u00e3o ser que torne-se aluno matriculado e preencha os devidos documentos de matr\u00edcula. As demais informa\u00e7\u00f5es enviadas n\u00e3o s\u00e3o salvas em bancos de dados nem s\u00e3o compartilhadas com terceiros. S\u00e3o usados meramente para atender ao seu desejo de receber maiores informa\u00e7\u00f5es sobre nossos servi\u00e7os.<\/p>\n\n\n\n<p>Os servidores que hospedam nossos e-mails e websites s\u00e3o seguros e seguem os protocolos internacionais de seguran\u00e7a na internet.<\/p>\n\n\n\n<p>Caso voc\u00ea venha a encontrar alguma informa\u00e7\u00e3o que pare\u00e7a maliciosa ao visitar nosso website, por favor verifique se seu dispositivo est\u00e1 configurado com os melhores recursos de seguran\u00e7a de dados e navega\u00e7\u00e3o, tais como sistema operacional legalizado e atualizado, software de mensagens criptografadas e com anti-virus em funcionamento. Pode tamb\u00e9m nos comunicar da anomalia encontrada em nosso website para que verifiquemos se h\u00e1 falhas de seguran\u00e7a e possamos corrigir.<\/p>\n\n\n\n<p>Caso ainda tenha d\u00favidas sobre nossa pol\u00edtica de privacidade, por favor entre em contato pelos meios dispon\u00edveis pelo website.<\/p>\n","protected":false},"excerpt":{"rendered":"<p>A Karate Bonsai utiliza a tecnologia da plataforma wordpress e plugins terceiros para que o seu website funcione de forma eficiente e segura. Durante a sua visita ao site \u00e9 poss\u00edvel que alguns &#8220;Cookies&#8221; sejam armazenados e alguns dados como seu n\u00famero de IP seja armazenados temporariamente. Isso depende tamb\u00e9m de suas configura\u00e7\u00f5es de privacidade &hellip; <\/p>\n<p class=\"link-more\"><a href=\"https:\/\/karatebonsai.com.br\/1\/privacidade-e-dados\/\" class=\"more-link\">Continue lendo<span class=\"screen-reader-text\"> &#8220;Privacidade e Dados&#8221;<\/span><\/a><\/p>\n","protected":false},"author":1,"featured_media":0,"parent":0,"menu_order":0,"comment_status":"closed","ping_status":"closed","template":"","meta":{"om_disable_all_campaigns":false,"_monsterinsights_skip_tracking":false,"_monsterinsights_sitenote_active":false,"_monsterinsights_sitenote_note":"","_monsterinsights_sitenote_category":0,"footnotes":""},"class_list":["post-528","page","type-page","status-publish","hentry"],"_links":{"self":[{"href":"https:\/\/karatebonsai.com.br\/1\/wp-json\/wp\/v2\/pages\/528","targetHints":{"allow":["GET"]}}],"collection":[{"href":"https:\/\/karatebonsai.com.br\/1\/wp-json\/wp\/v2\/pages"}],"about":[{"href":"https:\/\/karatebonsai.com.br\/1\/wp-json\/wp\/v2\/types\/page"}],"author":[{"embeddable":true,"href":"https:\/\/karatebonsai.com.br\/1\/wp-json\/wp\/v2\/users\/1"}],"replies":[{"embeddable":true,"href":"https:\/\/karatebonsai.com.br\/1\/wp-json\/wp\/v2\/comments?post=528"}],"version-history":[{"count":1,"href":"https:\/\/karatebonsai.com.br\/1\/wp-json\/wp\/v2\/pages\/528\/revisions"}],"predecessor-version":[{"id":529,"href":"https:\/\/karatebonsai.com.br\/1\/wp-json\/wp\/v2\/pages\/528\/revisions\/529"}],"wp:attachment":[{"href":"https:\/\/karatebonsai.com.br\/1\/wp-json\/wp\/v2\/media?parent=528"}],"curies":[{"name":"wp","href":"https:\/\/api.w.org\/{rel}","templated":true}]}}