{"id":7,"date":"2017-07-24T15:58:16","date_gmt":"2017-07-24T15:58:16","guid":{"rendered":"http:\/\/karatebonsai.com.br\/1\/?page_id=7"},"modified":"2025-12-17T21:34:28","modified_gmt":"2025-12-17T18:34:28","slug":"home","status":"publish","type":"page","link":"https:\/\/karatebonsai.com.br\/1\/","title":{"rendered":"A BONSAI"},"content":{"rendered":"<p><img loading=\"lazy\" decoding=\"async\" class=\"alignnone size-full wp-image-229\" src=\"http:\/\/karatebonsai.com.br\/1\/wp-content\/uploads\/2017\/07\/bonsai.png\" alt=\"\" width=\"99\" height=\"84\" \/><img loading=\"lazy\" decoding=\"async\" class=\"alignright size-full wp-image-333\" src=\"http:\/\/karatebonsai.com.br\/1\/wp-content\/uploads\/2017\/07\/logopaginas.png\" alt=\"\" width=\"84\" height=\"84\" srcset=\"https:\/\/karatebonsai.com.br\/1\/wp-content\/uploads\/2017\/07\/logopaginas.png 84w, https:\/\/karatebonsai.com.br\/1\/wp-content\/uploads\/2017\/07\/logopaginas-45x45.png 45w\" sizes=\"auto, (max-width: 84px) 100vw, 84px\" \/><\/p>\n<div class=\"responsive-tabs\">\n<h2 class=\"tabtitle\">A BONSAI<\/h2>\n<div class=\"tabcontent\">\n\n<p><span style=\"color: #000000; font-size: 12pt;\">A Bonsai foi fundada em 1991 pelo Sensei Valmir Zuza quem antes era aluno e instrutor na academia Daruma dirigida pelo Sensei Reginato Carrera de Almeida. Na \u00e9poca era chamado pelos demais alunos de Senpai (aluno antigo).<\/span><\/p>\n<p><span style=\"color: #000000; font-size: 12pt;\">Com a decis\u00e3o de mudar-se para o Rio Grande do Norte, Sensei Reginato optou por encerrar as atividades da Daruma. O ent\u00e3o Senpai Valmir Zuza, atleta das sele\u00e7\u00f5es paulista e brasileira em sua melhor fase como competidor resolveu fundar seu pr\u00f3prio Dojo. Nasceu ent\u00e3o a Bonsai Jyuku, que encontrou na avenida Andrade Neves e depois na Avenida Caroline Florence (Campinas) suas primeiras casas.<br \/><\/span><\/p>\n<p><span style=\"color: #000000; font-size: 12pt;\"> Hoje est\u00e1 estabelecida em duas localidades: na cidade de <strong>Campinas<\/strong> em casa hist\u00f3rica localizada no Centro com aulas ministradas pelo Sensei Valmir e em <strong>Barueri<\/strong> em um amplo sal\u00e3o na rua Campos Sales 1346 &#8211; 2\u00ba andar, com aulas ministradas pelo Sensei Samuel Paschoalotti, seu filho e aluno.<\/span><span style=\"color: #000000; font-size: 12pt;\"><br \/><\/span><\/p>\n<p><span style=\"color: #000000; font-size: 12pt;\">Sensei Valmir mant\u00e9m no cora\u00e7\u00e3o e na mente, como eterno bom aprendiz, os ensinamentos de Sensei Reginato, que apesar da dist\u00e2ncia, continua em sua mente e cora\u00e7\u00e3o servindo de apoio nas horas dif\u00edceis.<\/span><\/p>\n\n<\/div><h2 class=\"tabtitle\">COLABORADORES<\/h2>\n<div class=\"tabcontent\">\n\n<p><span style=\"color: #000000;\">A Bonsai contou com a importante ajuda de alguns fi\u00e9is disc\u00edpulos (Enio, Lara, Andr\u00e9, K\u00e1tia, Toma e outros). Ajudaram desde a busca dos locais para a sede, como estando sempre prontos para treinar em qualquer lugar onde fossem marcados os treinos.<\/span><\/p>\n<div><span style=\"color: #000000;\">Uma pessoa \u00a0muito importante nesta \u00e9poca foi o Fisioterapeuta Nivaldo Baldo. Um mecenas do esporte, gentilmente cedeu uma \u00e1rea da cl\u00ednica para que fossem realizados os treinamentos at\u00e9 que fosse encontrado um local adequado para a sede da academia.<\/span><\/div>\n<div><span style=\"color: #000000;\">\u00a0<\/span><\/div>\n<div><span style=\"color: #000000;\">Com a funda\u00e7\u00e3o da academia Bonsai Jyuku, come\u00e7aram a treinar alguns companheiros da equipe Daruma como Heitor Panetta, Carlos Fortunato, Jo\u00e3o Bittar e Macelo Tartari e depois vieram muitos outros.<\/span><\/div>\n<div>\u00a0<\/div>\n\n<\/div><h2 class=\"tabtitle\">CONQUISTAS<\/h2>\n<div class=\"tabcontent\">\n\n<p><span style=\"color: #000000;\">A Bonsai acumula muitas conquistas em seus anos de hist\u00f3ria. A participa\u00e7\u00e3o de seus atletas em diversos campeonatos estaduais, nacionais e internacionais foi premiada com muitos t\u00edtulos, medalhas e trof\u00e9us.<\/span><br \/><span style=\"color: #000000;\"> Algumas das conquistas mais marcantes foram:<\/span><\/p>\n<p><span style=\"color: #000000;\"> -Pentacampeonato: Jogos Abertos do Interior, na d\u00e9cada de 1990.<\/span><br \/><span style=\"color: #000000;\"> -Campe\u00e3o: categoria feminino &#8211; Open da B\u00e9lgica<\/span><br \/><span style=\"color: #000000;\"> -Campe\u00e3o: T\u00e9cnico &#8211; Campeonato Mundial de Karat\u00ea WKF em 2006 &#8211; Turquia<\/span><br \/><span style=\"color: #000000;\"> -Terceiro colocado: Campeonato Mundial de Karate Shotokan 2013 &#8211; Inglaterra.<\/span><br \/><span style=\"color: #000000;\"> -Terceiro colocado: Campeonato Sulamericano de Karate 2015 no Chile.<br \/>-Terceiro colocado: T\u00e9cnico + Atleta da D\u00e9bora Knihs da Bonsai &#8211; Campeonato Mundial de ParaKarate 2017 &#8211; \u00c1ustria.<\/span><\/p>\n<p><span style=\"color: #000000;\">Recentemente a Bonsai conquistou tamb\u00e9m diversas medalhas de ouro, prata e bronze nas competi\u00e7\u00f5es estaduais da Federa\u00e7\u00e3o Paulista de Karate, nacionais da Confedera\u00e7\u00e3o Brasileira de Karate e seletiva internacional da World Shotokan Karate-do Association.<br \/><\/span><br \/><span style=\"color: #000000;\"> Mas as conquistas que realmente marcaram foram as centenas de karatecas e atletas que tornaram-se verdadeiros amigos ao longo desse anos.<\/span><\/p>\n<\/div><\/div>\n\n","protected":false},"excerpt":{"rendered":"<p>A Bonsai foi fundada em 1991 pelo Sensei Valmir Zuza quem antes era aluno e instrutor na academia Daruma dirigida pelo Sensei Reginato Carrera de Almeida. Na \u00e9poca era chamado pelos demais alunos de Senpai (aluno antigo). Com a decis\u00e3o de mudar-se para o Rio Grande do Norte, Sensei Reginato optou por encerrar as atividades &hellip; <\/p>\n<p class=\"link-more\"><a href=\"https:\/\/karatebonsai.com.br\/1\/\" class=\"more-link\">Continue lendo<span class=\"screen-reader-text\"> &#8220;A BONSAI&#8221;<\/span><\/a><\/p>\n","protected":false},"author":1,"featured_media":0,"parent":0,"menu_order":0,"comment_status":"closed","ping_status":"closed","template":"","meta":{"om_disable_all_campaigns":false,"_monsterinsights_skip_tracking":false,"_monsterinsights_sitenote_active":false,"_monsterinsights_sitenote_note":"","_monsterinsights_sitenote_category":0,"footnotes":""},"class_list":["post-7","page","type-page","status-publish","hentry"],"_links":{"self":[{"href":"https:\/\/karatebonsai.com.br\/1\/wp-json\/wp\/v2\/pages\/7","targetHints":{"allow":["GET"]}}],"collection":[{"href":"https:\/\/karatebonsai.com.br\/1\/wp-json\/wp\/v2\/pages"}],"about":[{"href":"https:\/\/karatebonsai.com.br\/1\/wp-json\/wp\/v2\/types\/page"}],"author":[{"embeddable":true,"href":"https:\/\/karatebonsai.com.br\/1\/wp-json\/wp\/v2\/users\/1"}],"replies":[{"embeddable":true,"href":"https:\/\/karatebonsai.com.br\/1\/wp-json\/wp\/v2\/comments?post=7"}],"version-history":[{"count":29,"href":"https:\/\/karatebonsai.com.br\/1\/wp-json\/wp\/v2\/pages\/7\/revisions"}],"predecessor-version":[{"id":613,"href":"https:\/\/karatebonsai.com.br\/1\/wp-json\/wp\/v2\/pages\/7\/revisions\/613"}],"wp:attachment":[{"href":"https:\/\/karatebonsai.com.br\/1\/wp-json\/wp\/v2\/media?parent=7"}],"curies":[{"name":"wp","href":"https:\/\/api.w.org\/{rel}","templated":true}]}}